{"id":2050,"date":"2023-12-25T07:53:59","date_gmt":"2023-12-25T07:53:59","guid":{"rendered":"https:\/\/hotelkragujevac.wpdev.rs\/chi-siamo-2\/"},"modified":"2023-12-29T11:27:58","modified_gmt":"2023-12-29T11:27:58","slug":"chi-siamo-2","status":"publish","type":"page","link":"https:\/\/hotelkragujevac.com\/it\/chi-siamo-2\/","title":{"rendered":"Chi siamo"},"content":{"rendered":"\t\t<div data-elementor-type=\"wp-page\" data-elementor-id=\"2050\" class=\"elementor elementor-2050 elementor-1003\" data-elementor-post-type=\"page\">\n\t\t\t\t<div data-dce-background-overlay-color=\"#24201980\" data-dce-background-image-url=\"https:\/\/hotelkragujevac.com\/wp-content\/uploads\/2023\/12\/superior-francuski-05.jpg\" class=\"elementor-element elementor-element-2f47de4 e-flex e-con-boxed e-con e-parent\" data-id=\"2f47de4\" data-element_type=\"container\" data-settings=\"{&quot;background_background&quot;:&quot;classic&quot;}\">\n\t\t\t\t\t<div class=\"e-con-inner\">\n\t\t\t\t<div class=\"elementor-element elementor-element-c9800bb elementor-widget__width-inherit elementor-widget elementor-widget-heading\" data-id=\"c9800bb\" data-element_type=\"widget\" data-widget_type=\"heading.default\">\n\t\t\t\t<div class=\"elementor-widget-container\">\n\t\t\t\t\t<h1 class=\"elementor-heading-title elementor-size-default\">Chi siamo<\/h1>\t\t\t\t<\/div>\n\t\t\t\t<\/div>\n\t\t\t\t<div class=\"elementor-element elementor-element-ff514c3 elementor-widget elementor-widget-text-editor\" data-id=\"ff514c3\" data-element_type=\"widget\" data-widget_type=\"text-editor.default\">\n\t\t\t\t<div class=\"elementor-widget-container\">\n\t\t\t\t\t\t\t\t\t<p>L\u2019Hotel \u201cKragujevac\u201d, classificato con 4 stelle, si trova nel centro della citt\u00e0, vicino a tutte le principali attrazioni e attrazioni. La perfetta combinazione del design moderno con l\u2019armonia dei vecchi tempi \u00e8 un simbolo del nostro hotel.<\/p>\n\t\t\t\t\t\t\t\t<\/div>\n\t\t\t\t<\/div>\n\t\t\t\t\t<\/div>\n\t\t\t\t<\/div>\n\t\t<div class=\"elementor-element elementor-element-15ab0f7 e-flex e-con-boxed e-con e-parent\" data-id=\"15ab0f7\" data-element_type=\"container\" data-settings=\"{&quot;background_background&quot;:&quot;classic&quot;}\">\n\t\t\t\t\t<div class=\"e-con-inner\">\n\t\t<div class=\"elementor-element elementor-element-cf01fc9 e-con-full e-flex e-con e-child\" data-id=\"cf01fc9\" data-element_type=\"container\" data-settings=\"{&quot;animation&quot;:&quot;none&quot;}\">\n\t\t\t\t<div class=\"elementor-element elementor-element-1629ed8 elementor-pagination-position-inside room-slider elementor-widget elementor-widget-image-carousel\" data-id=\"1629ed8\" data-element_type=\"widget\" data-settings=\"{&quot;slides_to_show&quot;:&quot;1&quot;,&quot;navigation&quot;:&quot;dots&quot;,&quot;autoplay&quot;:&quot;yes&quot;,&quot;pause_on_hover&quot;:&quot;yes&quot;,&quot;pause_on_interaction&quot;:&quot;yes&quot;,&quot;autoplay_speed&quot;:5000,&quot;infinite&quot;:&quot;yes&quot;,&quot;effect&quot;:&quot;slide&quot;,&quot;speed&quot;:500}\" data-widget_type=\"image-carousel.default\">\n\t\t\t\t<div class=\"elementor-widget-container\">\n\t\t\t\t\t\t\t<div class=\"elementor-image-carousel-wrapper swiper\" role=\"region\" aria-roledescription=\"carousel\" aria-label=\"Carosello d&#039;immagini\" dir=\"ltr\">\n\t\t\t<div class=\"elementor-image-carousel swiper-wrapper\" aria-live=\"off\">\n\t\t\t\t\t\t\t\t<div class=\"swiper-slide\" role=\"group\" aria-roledescription=\"slide\" aria-label=\"1 di 1\"><a data-elementor-open-lightbox=\"yes\" data-elementor-lightbox-slideshow=\"1629ed8\" data-elementor-lightbox-title=\"Hotel-spolja.jpg\" data-e-action-hash=\"#elementor-action%3Aaction%3Dlightbox%26settings%3DeyJpZCI6MTAwNiwidXJsIjoiaHR0cHM6XC9cL2hvdGVsa3JhZ3VqZXZhYy5jb21cL3dwLWNvbnRlbnRcL3VwbG9hZHNcLzIwMjNcLzEyXC9Ib3RlbC1zcG9samEuanBnIiwic2xpZGVzaG93IjoiMTYyOWVkOCJ9\" href=\"https:\/\/hotelkragujevac.com\/wp-content\/uploads\/2023\/12\/Hotel-spolja.jpg\"><figure class=\"swiper-slide-inner\"><img decoding=\"async\" class=\"swiper-slide-image\" src=\"https:\/\/hotelkragujevac.com\/wp-content\/uploads\/elementor\/thumbs\/Hotel-spolja-qhbqz92jw89bmydkja6bc7ktxlsjp64k01r79kripc.jpg\" alt=\"Hotel-spolja.jpg\" \/><\/figure><\/a><\/div>\t\t\t<\/div>\n\t\t\t\t\t<\/div>\n\t\t\t\t\t\t<\/div>\n\t\t\t\t<\/div>\n\t\t\t\t<\/div>\n\t\t<div class=\"elementor-element elementor-element-3c1df60 description e-con-full e-flex elementor-invisible e-con e-child\" data-id=\"3c1df60\" data-element_type=\"container\" data-settings=\"{&quot;animation&quot;:&quot;fadeInRight&quot;}\">\n\t\t\t\t<div class=\"elementor-element elementor-element-3012e9f elementor-widget elementor-widget-heading\" data-id=\"3012e9f\" data-element_type=\"widget\" data-widget_type=\"heading.default\">\n\t\t\t\t<div class=\"elementor-widget-container\">\n\t\t\t\t\t<h2 class=\"elementor-heading-title elementor-size-default\">Centro di vari eventi<\/h2>\t\t\t\t<\/div>\n\t\t\t\t<\/div>\n\t\t\t\t<div class=\"elementor-element elementor-element-b7eb957 elementor-widget elementor-widget-text-editor\" data-id=\"b7eb957\" data-element_type=\"widget\" data-widget_type=\"text-editor.default\">\n\t\t\t\t<div class=\"elementor-widget-container\">\n\t\t\t\t\t\t\t\t\t<p>Risalente al 1966, l\u2019hotel \u201cKragujevac\u201d \u00e8 uno degli edifici pi\u00f9 famosi di Kragujevac. Rinomato per il suo servizio altamente personalizzato e impeccabile, \u00e8 stato il centro della vita sociale sin dalla sua apertura.<\/p>\n<p>Hotel \u201d Kragujevac \u201d ha costruito il suo nome per anni ed \u00e8 diventato un centro di vari eventi, eventi culturali, riunioni di lavoro e di famiglia, feste e seminari.<\/p>\n<p>Possiamo dire con orgoglio che siamo leader nella fornitura di servizi alberghieri e di ristorazione a Kragujevac e oltre.<\/p>\n<p>Oltre alla posizione, un grande vantaggio dell\u2019hotel \u00e8 la sua capacit\u00e0 di parcheggio fino a 40 posti auto.<\/p>\n\t\t\t\t\t\t\t\t<\/div>\n\t\t\t\t<\/div>\n\t\t\t\t<\/div>\n\t\t\t\t<div class=\"elementor-element elementor-element-3de5e37 elementor-widget__width-inherit elementor-widget-divider--view-line elementor-widget elementor-widget-divider\" data-id=\"3de5e37\" data-element_type=\"widget\" data-widget_type=\"divider.default\">\n\t\t\t\t<div class=\"elementor-widget-container\">\n\t\t\t\t\t\t\t<div class=\"elementor-divider\">\n\t\t\t<span class=\"elementor-divider-separator\">\n\t\t\t\t\t\t<\/span>\n\t\t<\/div>\n\t\t\t\t\t\t<\/div>\n\t\t\t\t<\/div>\n\t\t<div class=\"elementor-element elementor-element-1a5b5d2 description e-con-full e-flex elementor-invisible e-con e-child\" data-id=\"1a5b5d2\" data-element_type=\"container\" data-settings=\"{&quot;animation&quot;:&quot;fadeInRight&quot;}\">\n\t\t\t\t<div class=\"elementor-element elementor-element-9d08d77 elementor-widget elementor-widget-heading\" data-id=\"9d08d77\" data-element_type=\"widget\" data-widget_type=\"heading.default\">\n\t\t\t\t<div class=\"elementor-widget-container\">\n\t\t\t\t\t<h2 class=\"elementor-heading-title elementor-size-default\">Elevato livello di professionalit\u00e0<\/h2>\t\t\t\t<\/div>\n\t\t\t\t<\/div>\n\t\t\t\t<div class=\"elementor-element elementor-element-1829f13 elementor-widget elementor-widget-text-editor\" data-id=\"1829f13\" data-element_type=\"widget\" data-widget_type=\"text-editor.default\">\n\t\t\t\t<div class=\"elementor-widget-container\">\n\t\t\t\t\t\t\t\t\t<p>Gli obiettivi principali dell\u2019investimento in hotel \u201cKragujevac\u201d \u00e8 creare un\u2019atmosfera piacevole, la gentilezza del personale e una professionalit\u00e0 di alto livello basata su competenza ed esperienza, buona cucina e bevande e qualit\u00e0 delle unit\u00e0 abitative.<\/p>\n<p>Dopo il successo della privatizzazione nel 2005, abbiamo continuato con ancora pi\u00f9 successo e oggi l\u2019Hotel \u2019\u2019 Kragujevac \u2019\u2019 \u00e8 pronto ad accogliere i suoi ospiti.<\/p>\n<p>L\u2019hotel offre 72 camere modernamente attrezzate con aria condizionata, dispone di due ristoranti, un lobby bar, una sala conferenze, parcheggio e una reception aperta 24 ore.<\/p>\n<p>Le priorit\u00e0 del nostro personale professionale comprendono il comfort e la comodit\u00e0 di ogni ospite, rendendo cos\u00ec l\u2019hotel \u201cKragujevac\u201d una scelta perfetta sia per i viaggiatori d\u2019affari che per i turisti in visita a Kragujevac.<\/p>\n\t\t\t\t\t\t\t\t<\/div>\n\t\t\t\t<\/div>\n\t\t\t\t<\/div>\n\t\t<div class=\"elementor-element elementor-element-3ee25ae e-con-full e-flex e-con e-child\" data-id=\"3ee25ae\" data-element_type=\"container\" data-settings=\"{&quot;animation&quot;:&quot;none&quot;}\">\n\t\t\t\t<div class=\"elementor-element elementor-element-b36f128 elementor-pagination-position-inside room-slider elementor-widget elementor-widget-image-carousel\" data-id=\"b36f128\" data-element_type=\"widget\" data-settings=\"{&quot;slides_to_show&quot;:&quot;1&quot;,&quot;navigation&quot;:&quot;dots&quot;,&quot;autoplay&quot;:&quot;yes&quot;,&quot;pause_on_hover&quot;:&quot;yes&quot;,&quot;pause_on_interaction&quot;:&quot;yes&quot;,&quot;autoplay_speed&quot;:5000,&quot;infinite&quot;:&quot;yes&quot;,&quot;effect&quot;:&quot;slide&quot;,&quot;speed&quot;:500}\" data-widget_type=\"image-carousel.default\">\n\t\t\t\t<div class=\"elementor-widget-container\">\n\t\t\t\t\t\t\t<div class=\"elementor-image-carousel-wrapper swiper\" role=\"region\" aria-roledescription=\"carousel\" aria-label=\"Carosello d&#039;immagini\" dir=\"ltr\">\n\t\t\t<div class=\"elementor-image-carousel swiper-wrapper\" aria-live=\"off\">\n\t\t\t\t\t\t\t\t<div class=\"swiper-slide\" role=\"group\" aria-roledescription=\"slide\" aria-label=\"1 di 1\"><a data-elementor-open-lightbox=\"yes\" data-elementor-lightbox-slideshow=\"b36f128\" data-elementor-lightbox-title=\"202607290-2.jpg\" data-e-action-hash=\"#elementor-action%3Aaction%3Dlightbox%26settings%3DeyJpZCI6IjY2MyIsInVybCI6Imh0dHBzOlwvXC9ob3RlbGtyYWd1amV2YWMuY29tXC93cC1jb250ZW50XC91cGxvYWRzXC8yMDIzXC8xMlwvMjAyNjA3MjkwLTIuanBnIiwic2xpZGVzaG93IjoiYjM2ZjEyOCJ9\" href=\"https:\/\/hotelkragujevac.com\/wp-content\/uploads\/2023\/12\/202607290-2.jpg\"><figure class=\"swiper-slide-inner\"><img decoding=\"async\" class=\"swiper-slide-image\" src=\"https:\/\/hotelkragujevac.com\/wp-content\/uploads\/elementor\/thumbs\/202607290-2-qhbqx08fkh6nwhmznb8edrz6uguzb77n0xnfzs3dkg.jpg\" alt=\"202607290-2.jpg\" \/><\/figure><\/a><\/div>\t\t\t<\/div>\n\t\t\t\t\t<\/div>\n\t\t\t\t\t\t<\/div>\n\t\t\t\t<\/div>\n\t\t\t\t<\/div>\n\t\t\t\t\t<\/div>\n\t\t\t\t<\/div>\n\t\t\t\t<\/div>\n\t\t","protected":false},"excerpt":{"rendered":"<p>L\u2019Hotel \u201cKragujevac\u201d, classificato con 4 stelle, si trova nel centro della citt\u00e0, vicino a tutte le principali attrazioni e attrazioni. La perfetta combinazione del design moderno con l\u2019armonia dei vecchi tempi \u00e8 un simbolo del nostro hotel. Centro di vari eventi Risalente al 1966, l\u2019hotel \u201cKragujevac\u201d \u00e8 uno degli edifici pi\u00f9 famosi di Kragujevac. Rinomato [&hellip;]<\/p>\n","protected":false},"author":1,"featured_media":0,"parent":0,"menu_order":0,"comment_status":"closed","ping_status":"closed","template":"","meta":{"footnotes":""},"class_list":["post-2050","page","type-page","status-publish","hentry"],"aioseo_notices":[],"_links":{"self":[{"href":"https:\/\/hotelkragujevac.com\/it\/wp-json\/wp\/v2\/pages\/2050","targetHints":{"allow":["GET"]}}],"collection":[{"href":"https:\/\/hotelkragujevac.com\/it\/wp-json\/wp\/v2\/pages"}],"about":[{"href":"https:\/\/hotelkragujevac.com\/it\/wp-json\/wp\/v2\/types\/page"}],"author":[{"embeddable":true,"href":"https:\/\/hotelkragujevac.com\/it\/wp-json\/wp\/v2\/users\/1"}],"replies":[{"embeddable":true,"href":"https:\/\/hotelkragujevac.com\/it\/wp-json\/wp\/v2\/comments?post=2050"}],"version-history":[{"count":1,"href":"https:\/\/hotelkragujevac.com\/it\/wp-json\/wp\/v2\/pages\/2050\/revisions"}],"predecessor-version":[{"id":2051,"href":"https:\/\/hotelkragujevac.com\/it\/wp-json\/wp\/v2\/pages\/2050\/revisions\/2051"}],"wp:attachment":[{"href":"https:\/\/hotelkragujevac.com\/it\/wp-json\/wp\/v2\/media?parent=2050"}],"curies":[{"name":"wp","href":"https:\/\/api.w.org\/{rel}","templated":true}]}}