{"id":1999,"date":"2023-12-25T07:53:56","date_gmt":"2023-12-25T07:53:56","guid":{"rendered":"https:\/\/hotelkragujevac.wpdev.rs\/carriera-karijera\/"},"modified":"2024-01-08T12:32:42","modified_gmt":"2024-01-08T12:32:42","slug":"carriera","status":"publish","type":"page","link":"https:\/\/hotelkragujevac.com\/it\/carriera\/","title":{"rendered":"Carriera"},"content":{"rendered":"\t\t<div data-elementor-type=\"wp-page\" data-elementor-id=\"1999\" class=\"elementor elementor-1999 elementor-994\" data-elementor-post-type=\"page\">\n\t\t\t\t<div data-dce-background-overlay-color=\"#24201980\" data-dce-background-image-url=\"https:\/\/hotelkragujevac.com\/wp-content\/uploads\/2023\/12\/karijera-header-1-scaled-1.jpg\" class=\"elementor-element elementor-element-3ffab0b e-flex e-con-boxed e-con e-parent\" data-id=\"3ffab0b\" data-element_type=\"container\" data-settings=\"{&quot;background_background&quot;:&quot;classic&quot;}\">\n\t\t\t\t\t<div class=\"e-con-inner\">\n\t\t\t\t<div class=\"elementor-element elementor-element-faae258 elementor-widget__width-inherit elementor-widget elementor-widget-heading\" data-id=\"faae258\" data-element_type=\"widget\" data-widget_type=\"heading.default\">\n\t\t\t\t<div class=\"elementor-widget-container\">\n\t\t\t\t\t<h1 class=\"elementor-heading-title elementor-size-default\">Carriera<\/h1>\t\t\t\t<\/div>\n\t\t\t\t<\/div>\n\t\t\t\t\t<\/div>\n\t\t\t\t<\/div>\n\t\t<div class=\"elementor-element elementor-element-483f548 e-flex e-con-boxed e-con e-parent\" data-id=\"483f548\" data-element_type=\"container\" data-settings=\"{&quot;background_background&quot;:&quot;classic&quot;}\">\n\t\t\t\t\t<div class=\"e-con-inner\">\n\t\t<div class=\"elementor-element elementor-element-3febc19 e-con-full e-flex e-con e-child\" data-id=\"3febc19\" data-element_type=\"container\" data-settings=\"{&quot;animation&quot;:&quot;none&quot;}\">\n\t\t\t\t<div class=\"elementor-element elementor-element-244b06a elementor-pagination-position-inside room-slider elementor-widget elementor-widget-image-carousel\" data-id=\"244b06a\" data-element_type=\"widget\" data-settings=\"{&quot;slides_to_show&quot;:&quot;1&quot;,&quot;navigation&quot;:&quot;dots&quot;,&quot;autoplay&quot;:&quot;yes&quot;,&quot;pause_on_hover&quot;:&quot;yes&quot;,&quot;pause_on_interaction&quot;:&quot;yes&quot;,&quot;autoplay_speed&quot;:5000,&quot;infinite&quot;:&quot;yes&quot;,&quot;effect&quot;:&quot;slide&quot;,&quot;speed&quot;:500}\" data-widget_type=\"image-carousel.default\">\n\t\t\t\t<div class=\"elementor-widget-container\">\n\t\t\t\t\t\t\t<div class=\"elementor-image-carousel-wrapper swiper\" role=\"region\" aria-roledescription=\"carousel\" aria-label=\"Carosello d&#039;immagini\" dir=\"ltr\">\n\t\t\t<div class=\"elementor-image-carousel swiper-wrapper\" aria-live=\"off\">\n\t\t\t\t\t\t\t\t<div class=\"swiper-slide\" role=\"group\" aria-roledescription=\"slide\" aria-label=\"1 di 1\"><a data-elementor-open-lightbox=\"yes\" data-elementor-lightbox-slideshow=\"244b06a\" data-elementor-lightbox-title=\"Karijera.jpg\" data-e-action-hash=\"#elementor-action%3Aaction%3Dlightbox%26settings%3DeyJpZCI6MTAwMCwidXJsIjoiaHR0cHM6XC9cL2hvdGVsa3JhZ3VqZXZhYy5jb21cL3dwLWNvbnRlbnRcL3VwbG9hZHNcLzIwMjNcLzEyXC9LYXJpamVyYS5qcGciLCJzbGlkZXNob3ciOiIyNDRiMDZhIn0%3D\" href=\"https:\/\/hotelkragujevac.com\/wp-content\/uploads\/2023\/12\/Karijera.jpg\"><figure class=\"swiper-slide-inner\"><img decoding=\"async\" class=\"swiper-slide-image\" src=\"https:\/\/hotelkragujevac.com\/wp-content\/uploads\/elementor\/thumbs\/Karijera-qhbqz76vik6qzqgau9d2781wqu1t9rx3bsg8b0ub1s.jpg\" alt=\"Karijera.jpg\" \/><\/figure><\/a><\/div>\t\t\t<\/div>\n\t\t\t\t\t<\/div>\n\t\t\t\t\t\t<\/div>\n\t\t\t\t<\/div>\n\t\t\t\t<\/div>\n\t\t<div class=\"elementor-element elementor-element-7739b47 description e-con-full e-flex elementor-invisible e-con e-child\" data-id=\"7739b47\" data-element_type=\"container\" data-settings=\"{&quot;animation&quot;:&quot;fadeInRight&quot;}\">\n\t\t\t\t<div class=\"elementor-element elementor-element-0fb97d7 elementor-widget elementor-widget-text-editor\" data-id=\"0fb97d7\" data-element_type=\"widget\" data-widget_type=\"text-editor.default\">\n\t\t\t\t<div class=\"elementor-widget-container\">\n\t\t\t\t\t\t\t\t\t<p>L&#8217;Hotel &#8220;Kragujevac&#8221; \u00e8 da molto tempo sinonimo di servizio altamente personalizzato e di elevati standard professionali.<\/p>\n<p>Ogni giorno, personalizziamo con gioia momenti ed eventi meravigliosi per numerosi ospiti, che sicuramente verranno ricordati molto tempo dopo. Partecipiamo attivamente alla promozione di relazioni interpersonali positive e di veri valori, oltre a contribuire alla promozione della citt\u00e0 e aiutare la nostra comunit\u00e0.<\/p>\n<p>\u00c8 con orgoglio che sottolineiamo come alcuni dipendenti abbiano trascorso con noi l&#8217;intera vita lavorativa. La loro ricca esperienza professionale e le loro capacit\u00e0 sono tramandate allegramente alle nuove generazioni.<\/p>\n<p>Le nostre porte sono aperte a tutti coloro che vogliono intraprendere il passo successivo, a coloro che si dedicano al proprio lavoro e a coloro che danno la priorit\u00e0 alla soddisfazione degli ospiti. Siamo molto felici di accogliere persone devote che hanno un certo livello di esperienza lavorativa e istruzione superiore, ma non \u00e8 cruciale: ci\u00f2 che apprezziamo \u00e8 dedizione professionale, capacit\u00e0 di comunicazione, atteggiamento positivo e lavoro di squadra, conoscenza delle lingue straniere, desiderio di apprendere e padroneggiare nuove capacit\u00e0, responsabilit\u00e0 nell&#8217;intraprendere i compiti, cura degli ospiti e soprattutto un sorriso onesto.<\/p>\n<p>Pertanto, se ti piace la comunicazione aperta e amichevole, possiedi un senso ineguagliabile per il riconoscimento e la cura dei bisogni delle persone, sei fortemente spinto a lavorare e ad avanzare, entra a far parte del nostro team e concediti un&#8217;esperienza preziosa.<\/p>\n\t\t\t\t\t\t\t\t<\/div>\n\t\t\t\t<\/div>\n\t\t\t\t<\/div>\n\t\t\t\t\t<\/div>\n\t\t\t\t<\/div>\n\t\t<div class=\"elementor-element elementor-element-6f73d8a e-flex e-con-boxed e-con e-parent\" data-id=\"6f73d8a\" data-element_type=\"container\" id=\"form\" data-settings=\"{&quot;background_background&quot;:&quot;classic&quot;}\">\n\t\t\t\t\t<div class=\"e-con-inner\">\n\t\t\t\t<div class=\"elementor-element elementor-element-f190ef2 elementor-widget elementor-widget-heading\" data-id=\"f190ef2\" data-element_type=\"widget\" data-widget_type=\"heading.default\">\n\t\t\t\t<div class=\"elementor-widget-container\">\n\t\t\t\t\t<h2 class=\"elementor-heading-title elementor-size-default\">Domanda di lavoro<\/h2>\t\t\t\t<\/div>\n\t\t\t\t<\/div>\n\t\t\t\t<div class=\"elementor-element elementor-element-5fbdcfa booking-form elementor-button-align-stretch elementor-widget elementor-widget-form\" data-id=\"5fbdcfa\" data-element_type=\"widget\" data-settings=\"{&quot;step_next_label&quot;:&quot;Prossimo&quot;,&quot;step_previous_label&quot;:&quot;Precedente&quot;,&quot;button_width&quot;:&quot;100&quot;,&quot;step_type&quot;:&quot;number_text&quot;,&quot;step_icon_shape&quot;:&quot;circle&quot;}\" data-widget_type=\"form.default\">\n\t\t\t\t<div class=\"elementor-widget-container\">\n\t\t\t\t\t\t\t<form class=\"elementor-form\" method=\"post\" name=\"New Form\" aria-label=\"New Form\">\n\t\t\t<input type=\"hidden\" name=\"post_id\" value=\"1999\"\/>\n\t\t\t<input type=\"hidden\" name=\"form_id\" value=\"5fbdcfa\"\/>\n\t\t\t<input type=\"hidden\" name=\"referer_title\" value=\"\" \/>\n\n\t\t\t\n\t\t\t<div class=\"elementor-form-fields-wrapper elementor-labels-above\">\n\t\t\t\t\t\t\t\t<div class=\"elementor-field-type-select elementor-field-group elementor-column elementor-field-group-position elementor-col-100\">\n\t\t\t\t\t\t\t\t\t\t\t\t<label for=\"form-field-position\" class=\"elementor-field-label\">\n\t\t\t\t\t\t\t\tScegli una posizione\t\t\t\t\t\t\t<\/label>\n\t\t\t\t\t\t\t\t<div class=\"elementor-field elementor-select-wrapper remove-before \">\n\t\t\t<div class=\"select-caret-down-wrapper\">\n\t\t\t\t<svg aria-hidden=\"true\" class=\"e-font-icon-svg e-eicon-caret-down\" viewBox=\"0 0 571.4 571.4\" xmlns=\"http:\/\/www.w3.org\/2000\/svg\"><path d=\"M571 393Q571 407 561 418L311 668Q300 679 286 679T261 668L11 418Q0 407 0 393T11 368 36 357H536Q550 357 561 368T571 393Z\"><\/path><\/svg>\t\t\t<\/div>\n\t\t\t<select name=\"form_fields[position]\" id=\"form-field-position\" class=\"elementor-field-textual elementor-size-sm\">\n\t\t\t\t\t\t\t\t\t<option value=\"Posizione\">Posizione<\/option>\n\t\t\t\t\t\t\t\t\t<option value=\"lavoratore igienico\">lavoratore igienico<\/option>\n\t\t\t\t\t\t\t\t\t<option value=\"la domestica\">la domestica<\/option>\n\t\t\t\t\t\t\t\t\t<option value=\"assistente cuoco\">assistente cuoco<\/option>\n\t\t\t\t\t\t\t\t\t<option value=\"cucinare\">cucinare<\/option>\n\t\t\t\t\t\t\t\t\t<option value=\"barista\">barista<\/option>\n\t\t\t\t\t\t\t\t\t<option value=\"un cameriere\">un cameriere<\/option>\n\t\t\t\t\t\t\t\t\t<option value=\"addetto alla reception\">addetto alla reception<\/option>\n\t\t\t\t\t\t\t\t\t<option value=\"manutenzione tecnico di servizio\">manutenzione tecnico di servizio<\/option>\n\t\t\t\t\t\t\t\t\t<option value=\"contabilit\u00e0\">contabilit\u00e0<\/option>\n\t\t\t\t\t\t\t\t\t<option value=\"altro\">altro<\/option>\n\t\t\t\t\t\t\t<\/select>\n\t\t<\/div>\n\t\t\t\t\t\t<\/div>\n\t\t\t\t\t\t\t\t<div class=\"elementor-field-type-text elementor-field-group elementor-column elementor-field-group-name elementor-col-50\">\n\t\t\t\t\t\t\t\t\t\t\t\t\t<input size=\"1\" type=\"text\" name=\"form_fields[name]\" id=\"form-field-name\" class=\"elementor-field elementor-size-sm  elementor-field-textual\" placeholder=\"Nome e cognome\">\n\t\t\t\t\t\t\t\t\t\t\t<\/div>\n\t\t\t\t\t\t\t\t<div class=\"elementor-field-type-email elementor-field-group elementor-column elementor-field-group-email elementor-col-50 elementor-field-required\">\n\t\t\t\t\t\t\t\t\t\t\t\t\t<input size=\"1\" type=\"email\" name=\"form_fields[email]\" id=\"form-field-email\" class=\"elementor-field elementor-size-sm  elementor-field-textual\" placeholder=\"Indirizzo e-mail\" required=\"required\">\n\t\t\t\t\t\t\t\t\t\t\t<\/div>\n\t\t\t\t\t\t\t\t<div class=\"elementor-field-type-textarea elementor-field-group elementor-column elementor-field-group-message elementor-col-100\">\n\t\t\t\t\t<textarea class=\"elementor-field-textual elementor-field  elementor-size-sm\" name=\"form_fields[message]\" id=\"form-field-message\" rows=\"4\" placeholder=\"Lettera motivazionale\"><\/textarea>\t\t\t\t<\/div>\n\t\t\t\t\t\t\t\t<div class=\"elementor-field-type-html elementor-field-group elementor-column elementor-field-group-field_17a6c0f elementor-col-100\">\n\t\t\t\t\tCaricamento CV\t\t\t\t<\/div>\n\t\t\t\t\t\t\t\t<div class=\"elementor-field-type-upload elementor-field-group elementor-column elementor-field-group-field_d02efca elementor-col-100\">\n\t\t\t\t\t\t\t\t\t\t\t\t<label for=\"form-field-field_d02efca\" class=\"elementor-field-label\">\n\t\t\t\t\t\t\t\tAggiungi il tuo \t\t\t\t\t\t\t<\/label>\n\t\t\t\t\t\t\t\t<input type=\"file\" name=\"form_fields[field_d02efca]\" id=\"form-field-field_d02efca\" class=\"elementor-field elementor-size-sm  elementor-upload-field\">\n\n\t\t\t\t\t\t<\/div>\n\t\t\t\t\t\t\t\t<div class=\"elementor-field-type-recaptcha_v3 elementor-field-group elementor-column elementor-field-group-field_7a94cb8 elementor-col-100 recaptcha_v3-bottomright\">\n\t\t\t\t\t<div class=\"elementor-field\" id=\"form-field-field_7a94cb8\"><div class=\"elementor-g-recaptcha\" data-sitekey=\"6Le2hEQpAAAAANzTdOVszjxC7xj-2sksWmObMFSs\" data-type=\"v3\" data-action=\"Form\" data-badge=\"bottomright\" data-size=\"invisible\"><\/div><\/div>\t\t\t\t<\/div>\n\t\t\t\t\t\t\t\t<div class=\"elementor-field-group elementor-column elementor-field-type-submit elementor-col-100 e-form__buttons\">\n\t\t\t\t\t<button class=\"elementor-button elementor-size-sm\" type=\"submit\">\n\t\t\t\t\t\t<span class=\"elementor-button-content-wrapper\">\n\t\t\t\t\t\t\t\t\t\t\t\t\t\t\t\t\t\t\t\t\t\t<span class=\"elementor-button-text\">Candidati per un lavoro<\/span>\n\t\t\t\t\t\t\t\t\t\t\t\t\t<\/span>\n\t\t\t\t\t<\/button>\n\t\t\t\t<\/div>\n\t\t\t<\/div>\n\t\t<\/form>\n\t\t\t\t\t\t<\/div>\n\t\t\t\t<\/div>\n\t\t\t\t\t<\/div>\n\t\t\t\t<\/div>\n\t\t\t\t<\/div>\n\t\t","protected":false},"excerpt":{"rendered":"<p>L&#8217;Hotel &#8220;Kragujevac&#8221; \u00e8 da molto tempo sinonimo di servizio altamente personalizzato e di elevati standard professionali. Ogni giorno, personalizziamo con gioia momenti ed eventi meravigliosi per numerosi ospiti, che sicuramente verranno ricordati molto tempo dopo. Partecipiamo attivamente alla promozione di relazioni interpersonali positive e di veri valori, oltre a contribuire alla promozione della citt\u00e0 e [&hellip;]<\/p>\n","protected":false},"author":1,"featured_media":0,"parent":0,"menu_order":0,"comment_status":"closed","ping_status":"closed","template":"","meta":{"footnotes":""},"class_list":["post-1999","page","type-page","status-publish","hentry"],"aioseo_notices":[],"_links":{"self":[{"href":"https:\/\/hotelkragujevac.com\/it\/wp-json\/wp\/v2\/pages\/1999","targetHints":{"allow":["GET"]}}],"collection":[{"href":"https:\/\/hotelkragujevac.com\/it\/wp-json\/wp\/v2\/pages"}],"about":[{"href":"https:\/\/hotelkragujevac.com\/it\/wp-json\/wp\/v2\/types\/page"}],"author":[{"embeddable":true,"href":"https:\/\/hotelkragujevac.com\/it\/wp-json\/wp\/v2\/users\/1"}],"replies":[{"embeddable":true,"href":"https:\/\/hotelkragujevac.com\/it\/wp-json\/wp\/v2\/comments?post=1999"}],"version-history":[{"count":3,"href":"https:\/\/hotelkragujevac.com\/it\/wp-json\/wp\/v2\/pages\/1999\/revisions"}],"predecessor-version":[{"id":2226,"href":"https:\/\/hotelkragujevac.com\/it\/wp-json\/wp\/v2\/pages\/1999\/revisions\/2226"}],"wp:attachment":[{"href":"https:\/\/hotelkragujevac.com\/it\/wp-json\/wp\/v2\/media?parent=1999"}],"curies":[{"name":"wp","href":"https:\/\/api.w.org\/{rel}","templated":true}]}}