{"id":1968,"date":"2023-12-25T07:53:49","date_gmt":"2023-12-25T07:53:49","guid":{"rendered":"https:\/\/hotelkragujevac.wpdev.rs\/offerta-di-affari\/"},"modified":"2024-01-08T12:16:38","modified_gmt":"2024-01-08T12:16:38","slug":"offerta-di-affari","status":"publish","type":"page","link":"https:\/\/hotelkragujevac.com\/it\/offerta-di-affari\/","title":{"rendered":"Offerta di affari"},"content":{"rendered":"\t\t<div data-elementor-type=\"wp-page\" data-elementor-id=\"1968\" class=\"elementor elementor-1968 elementor-949\" data-elementor-post-type=\"page\">\n\t\t\t\t<div data-dce-background-overlay-color=\"#24201980\" data-dce-background-image-url=\"https:\/\/hotelkragujevac.com\/wp-content\/uploads\/2023\/12\/kongres-header.jpg\" class=\"elementor-element elementor-element-9502dd5 e-flex e-con-boxed e-con e-parent\" data-id=\"9502dd5\" data-element_type=\"container\" data-settings=\"{&quot;background_background&quot;:&quot;classic&quot;}\">\n\t\t\t\t\t<div class=\"e-con-inner\">\n\t\t\t\t<div class=\"elementor-element elementor-element-2f024ce elementor-widget__width-inherit elementor-widget elementor-widget-heading\" data-id=\"2f024ce\" data-element_type=\"widget\" data-widget_type=\"heading.default\">\n\t\t\t\t<div class=\"elementor-widget-container\">\n\t\t\t\t\t<h1 class=\"elementor-heading-title elementor-size-default\">Offerta di affari<\/h1>\t\t\t\t<\/div>\n\t\t\t\t<\/div>\n\t\t\t\t<div class=\"elementor-element elementor-element-9edd984 elementor-widget elementor-widget-text-editor\" data-id=\"9edd984\" data-element_type=\"widget\" data-widget_type=\"text-editor.default\">\n\t\t\t\t<div class=\"elementor-widget-container\">\n\t\t\t\t\t\t\t\t\t<p>Se vuoi unire affari e divertimento, il centro congressi dell\u2019hotel \u201cKragujevac\u201d ti d\u00e0 l\u2019opportunit\u00e0 di organizzare un congresso secondo i pi\u00f9 alti standard.<\/p>\n\t\t\t\t\t\t\t\t<\/div>\n\t\t\t\t<\/div>\n\t\t\t\t\t<\/div>\n\t\t\t\t<\/div>\n\t\t<div class=\"elementor-element elementor-element-079e050 e-flex e-con-boxed e-con e-parent\" data-id=\"079e050\" data-element_type=\"container\" data-settings=\"{&quot;background_background&quot;:&quot;classic&quot;}\">\n\t\t\t\t\t<div class=\"e-con-inner\">\n\t\t<div class=\"elementor-element elementor-element-e2ee121 e-con-full e-flex e-con e-child\" data-id=\"e2ee121\" data-element_type=\"container\" data-settings=\"{&quot;animation&quot;:&quot;none&quot;}\">\n\t\t\t\t<div class=\"elementor-element elementor-element-c8b6df8 elementor-pagination-position-inside room-slider elementor-widget elementor-widget-image-carousel\" data-id=\"c8b6df8\" data-element_type=\"widget\" data-settings=\"{&quot;slides_to_show&quot;:&quot;1&quot;,&quot;navigation&quot;:&quot;dots&quot;,&quot;autoplay&quot;:&quot;yes&quot;,&quot;pause_on_hover&quot;:&quot;yes&quot;,&quot;pause_on_interaction&quot;:&quot;yes&quot;,&quot;autoplay_speed&quot;:5000,&quot;infinite&quot;:&quot;yes&quot;,&quot;effect&quot;:&quot;slide&quot;,&quot;speed&quot;:500}\" data-widget_type=\"image-carousel.default\">\n\t\t\t\t<div class=\"elementor-widget-container\">\n\t\t\t\t\t\t\t<div class=\"elementor-image-carousel-wrapper swiper\" role=\"region\" aria-roledescription=\"carousel\" aria-label=\"Carosello d&#039;immagini\" dir=\"ltr\">\n\t\t\t<div class=\"elementor-image-carousel swiper-wrapper\" aria-live=\"off\">\n\t\t\t\t\t\t\t\t<div class=\"swiper-slide\" role=\"group\" aria-roledescription=\"slide\" aria-label=\"1 di 1\"><a data-elementor-open-lightbox=\"yes\" data-elementor-lightbox-slideshow=\"c8b6df8\" data-elementor-lightbox-title=\"image-22.jpg\" data-e-action-hash=\"#elementor-action%3Aaction%3Dlightbox%26settings%3DeyJpZCI6OTUyLCJ1cmwiOiJodHRwczpcL1wvaG90ZWxrcmFndWpldmFjLmNvbVwvd3AtY29udGVudFwvdXBsb2Fkc1wvMjAyM1wvMTJcL2ltYWdlLTIyLTEuanBnIiwic2xpZGVzaG93IjoiYzhiNmRmOCJ9\" href=\"https:\/\/hotelkragujevac.com\/wp-content\/uploads\/2023\/12\/image-22-1.jpg\"><figure class=\"swiper-slide-inner\"><img decoding=\"async\" class=\"swiper-slide-image\" src=\"https:\/\/hotelkragujevac.com\/wp-content\/uploads\/elementor\/thumbs\/image-22-1-qhbqyzo5zvwgeur82641n9y7zr2vk738mr8cgt5gfk.jpg\" alt=\"image-22.jpg\" \/><\/figure><\/a><\/div>\t\t\t<\/div>\n\t\t\t\t\t<\/div>\n\t\t\t\t\t\t<\/div>\n\t\t\t\t<\/div>\n\t\t\t\t<\/div>\n\t\t<div class=\"elementor-element elementor-element-0509cc1 description e-con-full e-flex elementor-invisible e-con e-child\" data-id=\"0509cc1\" data-element_type=\"container\" data-settings=\"{&quot;animation&quot;:&quot;fadeInRight&quot;}\">\n\t\t\t\t<div class=\"elementor-element elementor-element-cc29fb0 elementor-widget elementor-widget-text-editor\" data-id=\"cc29fb0\" data-element_type=\"widget\" data-widget_type=\"text-editor.default\">\n\t\t\t\t<div class=\"elementor-widget-container\">\n\t\t\t\t\t\t\t\t\t<p><span class=\"tlid-translation translation\" lang=\"it\"><span title=\"\">L\u2019area congressuale ed espositiva, che si estende su una superficie di 675 mq, \u00e8 un luogo ideale per organizzare ogni tipo di conferenza, seminario e convention.<\/span> <span class=\"\" title=\"\">\u00c8 dotato delle pi\u00f9 moderne tecnologie, aria condizionata, impianto audio, illuminazione e internet.<\/span><\/p>\n<p><span class=\"\" title=\"\">All\u2019interno del nostro complesso sono presenti tre sale congressi e una sala riunioni pi\u00f9 piccola, capacit\u00e0 da 20 fino a 400 posti, a seconda delle impostazioni.<\/span><\/p>\n<p><span class=\"\" title=\"\">Al fine di organizzare grandi raduni, l\u2019area congressi offre la possibilit\u00e0 di allestire un\u2019area espositiva nei foyer del centro congressi.<\/span><\/span><\/p>\n\t\t\t\t\t\t\t\t<\/div>\n\t\t\t\t<\/div>\n\t\t\t\t<div class=\"elementor-element elementor-element-6c24ee5 elementor-align-left elementor-widget elementor-widget-button\" data-id=\"6c24ee5\" data-element_type=\"widget\" data-widget_type=\"button.default\">\n\t\t\t\t<div class=\"elementor-widget-container\">\n\t\t\t\t\t\t\t\t\t<div class=\"elementor-button-wrapper\">\n\t\t\t\t\t<a class=\"elementor-button elementor-button-link elementor-size-sm\" href=\"https:\/\/hotelkragujevac.com\/it\/questionario-per-lorganizzazione-di-eventi\/\">\n\t\t\t\t\t\t<span class=\"elementor-button-content-wrapper\">\n\t\t\t\t\t\t\t\t\t<span class=\"elementor-button-text\">QUESTIONARIO PER L'ORGANIZZAZIONE DI EVENTI<\/span>\n\t\t\t\t\t<\/span>\n\t\t\t\t\t<\/a>\n\t\t\t\t<\/div>\n\t\t\t\t\t\t\t\t<\/div>\n\t\t\t\t<\/div>\n\t\t\t\t<\/div>\n\t\t\t\t<div class=\"elementor-element elementor-element-1ce7561 elementor-widget__width-inherit elementor-widget-divider--view-line elementor-widget elementor-widget-divider\" data-id=\"1ce7561\" data-element_type=\"widget\" data-widget_type=\"divider.default\">\n\t\t\t\t<div class=\"elementor-widget-container\">\n\t\t\t\t\t\t\t<div class=\"elementor-divider\">\n\t\t\t<span class=\"elementor-divider-separator\">\n\t\t\t\t\t\t<\/span>\n\t\t<\/div>\n\t\t\t\t\t\t<\/div>\n\t\t\t\t<\/div>\n\t\t<div class=\"elementor-element elementor-element-92fcd67 description e-con-full e-flex elementor-invisible e-con e-child\" data-id=\"92fcd67\" data-element_type=\"container\" data-settings=\"{&quot;animation&quot;:&quot;fadeInRight&quot;}\">\n\t\t\t\t<div class=\"elementor-element elementor-element-3c927b9 elementor-widget elementor-widget-text-editor\" data-id=\"3c927b9\" data-element_type=\"widget\" data-widget_type=\"text-editor.default\">\n\t\t\t\t<div class=\"elementor-widget-container\">\n\t\t\t\t\t\t\t\t\t<p><span class=\"HwtZe\" lang=\"it\"><span class=\"jCAhz ChMk0b\"><span class=\"ryNqvb\">L&#8217;ampio foyer, nel quale \u00e8 presente un Aperitif bar, permette di organizzare il servizio e la socializzazione, e si pu\u00f2 scegliere il modo giusto per completare l&#8217;atmosfera prima o dopo l&#8217;evento.<\/span><\/span> <\/span><\/p>\n<p><span class=\"HwtZe\" lang=\"it\"><span class=\"jCAhz ChMk0b\"><span class=\"ryNqvb\">Il nostro team di esperti ti aiuter\u00e0 a presentare la tua azienda nella migliore luce possibile.<\/span><\/span> <\/span><\/p>\n<p><span class=\"HwtZe\" lang=\"it\"><span class=\"jCAhz ChMk0b\"><span class=\"ryNqvb\">La luce del giorno, lo spazio per riunioni e il servizio impeccabile rendono l&#8217;Hotel &#8220;Kragujevac&#8221; la scelta perfetta per riunioni di lavoro ed eventi di ogni dimensione e stile.<\/span><\/span> <\/span><\/p>\n<p><span class=\"HwtZe\" lang=\"it\"><span class=\"jCAhz ChMk0b\"><span class=\"ryNqvb\">Se stai pianificando un evento, contattaci con fiducia cos\u00ec potremo predisporre un&#8217;offerta e tutte le informazioni di cui hai bisogno.<\/span><\/span> <\/span><\/p>\n<p><span class=\"HwtZe\" lang=\"it\"><span class=\"jCAhz ChMk0b\"><span class=\"ryNqvb\">Ti contatteremo a breve con suggerimenti per organizzare l&#8217;evento perfetto per te e i tuoi ospiti.<\/span><\/span><\/span><\/p>\n\t\t\t\t\t\t\t\t<\/div>\n\t\t\t\t<\/div>\n\t\t\t\t<div class=\"elementor-element elementor-element-35f4f47 elementor-align-left elementor-widget elementor-widget-button\" data-id=\"35f4f47\" data-element_type=\"widget\" data-widget_type=\"button.default\">\n\t\t\t\t<div class=\"elementor-widget-container\">\n\t\t\t\t\t\t\t\t\t<div class=\"elementor-button-wrapper\">\n\t\t\t\t\t<a class=\"elementor-button elementor-button-link elementor-size-sm\" href=\"https:\/\/hotelkragujevac.com\/it\/questionario-per-lorganizzazione-di-eventi\/\">\n\t\t\t\t\t\t<span class=\"elementor-button-content-wrapper\">\n\t\t\t\t\t\t\t\t\t<span class=\"elementor-button-text\">QUESTIONARIO PER L'ORGANIZZAZIONE DI EVENTI<\/span>\n\t\t\t\t\t<\/span>\n\t\t\t\t\t<\/a>\n\t\t\t\t<\/div>\n\t\t\t\t\t\t\t\t<\/div>\n\t\t\t\t<\/div>\n\t\t\t\t<\/div>\n\t\t<div class=\"elementor-element elementor-element-000bac6 e-con-full e-flex e-con e-child\" data-id=\"000bac6\" data-element_type=\"container\" data-settings=\"{&quot;animation&quot;:&quot;none&quot;}\">\n\t\t\t\t<div class=\"elementor-element elementor-element-5c06833 elementor-pagination-position-inside room-slider elementor-widget elementor-widget-image-carousel\" data-id=\"5c06833\" data-element_type=\"widget\" data-settings=\"{&quot;slides_to_show&quot;:&quot;1&quot;,&quot;navigation&quot;:&quot;dots&quot;,&quot;autoplay&quot;:&quot;yes&quot;,&quot;pause_on_hover&quot;:&quot;yes&quot;,&quot;pause_on_interaction&quot;:&quot;yes&quot;,&quot;autoplay_speed&quot;:5000,&quot;infinite&quot;:&quot;yes&quot;,&quot;effect&quot;:&quot;slide&quot;,&quot;speed&quot;:500}\" data-widget_type=\"image-carousel.default\">\n\t\t\t\t<div class=\"elementor-widget-container\">\n\t\t\t\t\t\t\t<div class=\"elementor-image-carousel-wrapper swiper\" role=\"region\" aria-roledescription=\"carousel\" aria-label=\"Carosello d&#039;immagini\" dir=\"ltr\">\n\t\t\t<div class=\"elementor-image-carousel swiper-wrapper\" aria-live=\"off\">\n\t\t\t\t\t\t\t\t<div class=\"swiper-slide\" role=\"group\" aria-roledescription=\"slide\" aria-label=\"1 di 1\"><a data-elementor-open-lightbox=\"yes\" data-elementor-lightbox-slideshow=\"5c06833\" data-elementor-lightbox-title=\"images-09.jpg\" data-e-action-hash=\"#elementor-action%3Aaction%3Dlightbox%26settings%3DeyJpZCI6OTQ2LCJ1cmwiOiJodHRwczpcL1wvaG90ZWxrcmFndWpldmFjLmNvbVwvd3AtY29udGVudFwvdXBsb2Fkc1wvMjAyM1wvMTJcL2ltYWdlcy0wOS0xLmpwZyIsInNsaWRlc2hvdyI6IjVjMDY4MzMifQ%3D%3D\" href=\"https:\/\/hotelkragujevac.com\/wp-content\/uploads\/2023\/12\/images-09-1.jpg\"><figure class=\"swiper-slide-inner\"><img decoding=\"async\" class=\"swiper-slide-image\" src=\"https:\/\/hotelkragujevac.com\/wp-content\/uploads\/elementor\/thumbs\/images-09-1-qhbqyxshm7tvrmtyd5asiafaszc54svryhxdi988s0.jpg\" alt=\"images-09.jpg\" \/><\/figure><\/a><\/div>\t\t\t<\/div>\n\t\t\t\t\t<\/div>\n\t\t\t\t\t\t<\/div>\n\t\t\t\t<\/div>\n\t\t\t\t<\/div>\n\t\t\t\t\t<\/div>\n\t\t\t\t<\/div>\n\t\t<div class=\"elementor-element elementor-element-2cefaa4 e-flex e-con-boxed e-con e-parent\" data-id=\"2cefaa4\" data-element_type=\"container\" id=\"table\" data-settings=\"{&quot;background_background&quot;:&quot;classic&quot;}\">\n\t\t\t\t\t<div class=\"e-con-inner\">\n\t\t<div class=\"elementor-element elementor-element-37c1848 e-con-full responsive-table e-flex e-con e-child\" data-id=\"37c1848\" data-element_type=\"container\" data-settings=\"{&quot;background_background&quot;:&quot;classic&quot;}\">\n\t\t\t\t<div class=\"elementor-element elementor-element-6e8a3ce elementor-widget elementor-widget-text-editor\" data-id=\"6e8a3ce\" data-element_type=\"widget\" data-widget_type=\"text-editor.default\">\n\t\t\t\t<div class=\"elementor-widget-container\">\n\t\t\t\t\t\t\t\t\t<table class=\"conference\" style=\"width: 100%;\" border=\"0\" cellspacing=\"0\" cellpadding=\"0\">\n<tbody>\n<tr>\n<th style=\"width: 200px;\" rowspan=\"2\"><span class=\"tlid-translation translation\" lang=\"it\"><span class=\"\" title=\"\">Aspetto e caratteristiche<\/span><\/span><\/th>\n<th align=\"center\" valign=\"middle\"><img decoding=\"async\" class=\"alignnone size-full wp-image-1037\" src=\"https:\/\/hotelkragujevac.com\/\/wp-content\/uploads\/2020\/07\/icon1.jpg\" alt=\"\" width=\"40\" height=\"32\" \/><\/th>\n<th align=\"center\" valign=\"middle\"><img decoding=\"async\" class=\"alignnone size-full wp-image-1034\" src=\"https:\/\/hotelkragujevac.com\/\/wp-content\/uploads\/2020\/07\/icon2.jpg\" alt=\"\" width=\"40\" height=\"32\" \/><\/th>\n<th align=\"center\" valign=\"middle\"><img decoding=\"async\" class=\"alignnone size-full wp-image-1031\" src=\"https:\/\/hotelkragujevac.com\/\/wp-content\/uploads\/2020\/07\/icon3.jpg\" alt=\"\" width=\"40\" height=\"32\" \/><\/th>\n<th align=\"center\" valign=\"middle\"><img loading=\"lazy\" decoding=\"async\" class=\"alignnone size-full wp-image-1048\" src=\"https:\/\/hotelkragujevac.com\/\/wp-content\/uploads\/2020\/07\/icon4.jpg\" alt=\"\" width=\"40\" height=\"32\" \/><\/th>\n<th align=\"center\" valign=\"middle\"><img loading=\"lazy\" decoding=\"async\" class=\"alignnone size-full wp-image-1028\" src=\"https:\/\/hotelkragujevac.com\/\/wp-content\/uploads\/2020\/07\/icon5.jpg\" alt=\"\" width=\"40\" height=\"32\" \/><\/th>\n<th align=\"center\" valign=\"middle\"><img loading=\"lazy\" decoding=\"async\" class=\"alignnone size-full wp-image-1025\" src=\"https:\/\/hotelkragujevac.com\/\/wp-content\/uploads\/2020\/07\/icon6.jpg\" alt=\"\" width=\"40\" height=\"32\" \/><\/th>\n<th align=\"center\" valign=\"middle\"><img loading=\"lazy\" decoding=\"async\" class=\"alignnone size-full wp-image-1022\" src=\"https:\/\/hotelkragujevac.com\/\/wp-content\/uploads\/2020\/07\/icon7.jpg\" alt=\"\" width=\"40\" height=\"32\" \/><\/th>\n<th align=\"center\" valign=\"middle\"><img loading=\"lazy\" decoding=\"async\" class=\"alignnone size-full wp-image-1019\" src=\"https:\/\/hotelkragujevac.com\/\/wp-content\/uploads\/2020\/07\/icon8.jpg\" alt=\"\" width=\"40\" height=\"32\" \/><\/th>\n<th align=\"center\" valign=\"middle\"><img loading=\"lazy\" decoding=\"async\" class=\"alignnone size-full wp-image-1016\" src=\"https:\/\/hotelkragujevac.com\/\/wp-content\/uploads\/2020\/07\/icon9.jpg\" alt=\"\" width=\"40\" height=\"32\" \/><\/th>\n<th align=\"center\" valign=\"middle\">W<\/th>\n<th align=\"center\" valign=\"middle\">L<\/th>\n<th align=\"center\" valign=\"middle\">H<\/th>\n<\/tr>\n<tr>\n<th>U-forma<\/th>\n<th>T-forma<\/th>\n<th><span class=\"tlid-translation translation\" lang=\"it\"><span title=\"\">Aula<\/span><\/span><\/th>\n<th><span class=\"tlid-translation translation\" lang=\"it\"><span title=\"\">Conferenza<\/span><\/span><\/th>\n<th><span class=\"tlid-translation translation\" lang=\"it\"><span title=\"\">Piazza<\/span><\/span><\/th>\n<th><span class=\"tlid-translation translation\" lang=\"it\"><span title=\"\">Teatro<\/span><\/span><\/th>\n<th><span class=\"tlid-translation translation\" lang=\"it\"><span title=\"\">Stile banchetto<\/span><\/span><\/th>\n<th>Koktel stil<\/th>\n<th><span class=\"tlid-translation translation\" lang=\"it\"><span title=\"\">Stile cocktail<\/span><\/span><\/th>\n<th><span class=\"tlid-translation translation\" lang=\"it\"><span title=\"\">Totale<\/span><\/span>\/m<\/th>\n<th><span class=\"tlid-translation translation\" lang=\"it\"><span class=\"\" title=\"\">Lunghezza<\/span><\/span>\/m<\/th>\n<th><span class=\"tlid-translation translation\" lang=\"it\"><span class=\"\" title=\"\">Altezza<\/span><\/span>\/m<\/th>\n<\/tr>\n<tr>\n<th align=\"center\" valign=\"middle\"><strong><span class=\"tlid-translation translation\" lang=\"it\"><span title=\"\">Nome della sala<\/span><\/span><\/strong><\/th>\n<th colspan=\"12\" align=\"center\" valign=\"middle\"><span class=\"tlid-translation translation\" lang=\"it\"><span class=\"\" title=\"\">Capacit\u00e0 sala<\/span><\/span><\/th>\n<\/tr>\n<tr>\n<td align=\"left\" valign=\"middle\">Sala I<\/td>\n<td align=\"center\" valign=\"middle\">150<\/td>\n<td align=\"center\" valign=\"middle\">150<\/td>\n<td align=\"center\" valign=\"middle\">210<\/td>\n<td align=\"center\" valign=\"middle\">140<\/td>\n<td align=\"center\" valign=\"middle\">160<\/td>\n<td align=\"center\" valign=\"middle\">540<\/td>\n<td align=\"center\" valign=\"middle\">280<\/td>\n<td align=\"center\" valign=\"middle\">400<\/td>\n<td align=\"center\" valign=\"middle\">396<\/td>\n<td align=\"center\" valign=\"middle\">12<\/td>\n<td align=\"center\" valign=\"middle\">33<\/td>\n<td align=\"center\" valign=\"middle\">3,5<\/td>\n<\/tr>\n<tr>\n<td align=\"left\" valign=\"middle\">Sala I \u2013 <span class=\"tlid-translation translation\" lang=\"it\"><span title=\"\">la prima parte<\/span><\/span><\/td>\n<td align=\"center\" valign=\"middle\">70<\/td>\n<td align=\"center\" valign=\"middle\">70<\/td>\n<td align=\"center\" valign=\"middle\">90<\/td>\n<td align=\"center\" valign=\"middle\">60<\/td>\n<td align=\"center\" valign=\"middle\">85<\/td>\n<td align=\"center\" valign=\"middle\">220<\/td>\n<td align=\"center\" valign=\"middle\">130<\/td>\n<td align=\"center\" valign=\"middle\">200<\/td>\n<td align=\"center\" valign=\"middle\">200<\/td>\n<td align=\"center\" valign=\"middle\">12<\/td>\n<td align=\"center\" valign=\"middle\">16,70<\/td>\n<td align=\"center\" valign=\"middle\">3,5<\/td>\n<\/tr>\n<tr>\n<td align=\"left\" valign=\"middle\">Sala I \u2013 <span class=\"tlid-translation translation\" lang=\"it\"><span title=\"\">la seconda parte<\/span><\/span><\/td>\n<td align=\"center\" valign=\"middle\">70<\/td>\n<td align=\"center\" valign=\"middle\">70<\/td>\n<td align=\"center\" valign=\"middle\">90<\/td>\n<td align=\"center\" valign=\"middle\">60<\/td>\n<td align=\"center\" valign=\"middle\">85<\/td>\n<td align=\"center\" valign=\"middle\">220<\/td>\n<td align=\"center\" valign=\"middle\">130<\/td>\n<td align=\"center\" valign=\"middle\">200<\/td>\n<td align=\"center\" valign=\"middle\">196<\/td>\n<td align=\"center\" valign=\"middle\">12<\/td>\n<td align=\"center\" valign=\"middle\">16,30<\/td>\n<td align=\"center\" valign=\"middle\">3,5<\/td>\n<\/tr>\n<tr>\n<td align=\"left\" valign=\"middle\">Sala II<\/td>\n<td align=\"center\" valign=\"middle\">60<\/td>\n<td align=\"center\" valign=\"middle\">60<\/td>\n<td align=\"center\" valign=\"middle\">80<\/td>\n<td align=\"center\" valign=\"middle\">50<\/td>\n<td align=\"center\" valign=\"middle\">75<\/td>\n<td align=\"center\" valign=\"middle\">90<\/td>\n<td align=\"center\" valign=\"middle\">70<\/td>\n<td align=\"center\" valign=\"middle\">100<\/td>\n<td align=\"center\" valign=\"middle\">117<\/td>\n<td align=\"center\" valign=\"middle\">7,15<\/td>\n<td align=\"center\" valign=\"middle\">16,45<\/td>\n<td align=\"center\" valign=\"middle\">3,5<\/td>\n<\/tr>\n<tr>\n<td align=\"left\" valign=\"middle\">Sala III<\/td>\n<td align=\"center\" valign=\"middle\">50-60<\/td>\n<td align=\"center\" valign=\"middle\">50-60<\/td>\n<td align=\"center\" valign=\"middle\">90<\/td>\n<td align=\"center\" valign=\"middle\">50<\/td>\n<td align=\"center\" valign=\"middle\">60<\/td>\n<td align=\"center\" valign=\"middle\">150<\/td>\n<td align=\"center\" valign=\"middle\">90<\/td>\n<td align=\"center\" valign=\"middle\">150<\/td>\n<td align=\"center\" valign=\"middle\">132<\/td>\n<td align=\"center\" valign=\"middle\">10,80<\/td>\n<td align=\"center\" valign=\"middle\">12,20<\/td>\n<td align=\"center\" valign=\"middle\">3,5<\/td>\n<\/tr>\n<tr>\n<td align=\"left\" valign=\"middle\">Salone<\/td>\n<td align=\"center\" valign=\"middle\">18-20<\/td>\n<td align=\"center\" valign=\"middle\">15<\/td>\n<td align=\"center\" valign=\"middle\">15<\/td>\n<td align=\"center\" valign=\"middle\">15<\/td>\n<td align=\"center\" valign=\"middle\">20<\/td>\n<td align=\"center\" valign=\"middle\">20<\/td>\n<td align=\"center\" valign=\"middle\">&#8211;<\/td>\n<td align=\"center\" valign=\"middle\">30<\/td>\n<td align=\"center\" valign=\"middle\">30<\/td>\n<td align=\"center\" valign=\"middle\">5<\/td>\n<td align=\"center\" valign=\"middle\">6<\/td>\n<td align=\"center\" valign=\"middle\">2,2<\/td>\n<\/tr>\n<tr>\n<td align=\"left\" valign=\"middle\"><span class=\"tlid-translation translation\" lang=\"it\"><span class=\"\" title=\"\">Sala ristorante<\/span><\/span><\/td>\n<td align=\"center\" valign=\"middle\">140<\/td>\n<td align=\"center\" valign=\"middle\">140<\/td>\n<td align=\"center\" valign=\"middle\">180<\/td>\n<td align=\"center\" valign=\"middle\">120<\/td>\n<td align=\"center\" valign=\"middle\">150<\/td>\n<td align=\"center\" valign=\"middle\">450<\/td>\n<td align=\"center\" valign=\"middle\">280<\/td>\n<td align=\"center\" valign=\"middle\">400<\/td>\n<td align=\"center\" valign=\"middle\">396<\/td>\n<td align=\"center\" valign=\"middle\">12<\/td>\n<td align=\"center\" valign=\"middle\">33<\/td>\n<td align=\"center\" valign=\"middle\">4,5<\/td>\n<\/tr>\n<tr>\n<td align=\"left\" valign=\"middle\"><span class=\"tlid-translation translation\" lang=\"it\"><span class=\"\" title=\"\">Sala ristorante<\/span><\/span> \u2013 <span class=\"tlid-translation translation\" lang=\"it\"><span title=\"\">la prima parte<\/span><\/span><\/td>\n<td align=\"center\" valign=\"middle\">70<\/td>\n<td align=\"center\" valign=\"middle\">70<\/td>\n<td align=\"center\" valign=\"middle\">90<\/td>\n<td align=\"center\" valign=\"middle\">60<\/td>\n<td align=\"center\" valign=\"middle\">85<\/td>\n<td align=\"center\" valign=\"middle\">200<\/td>\n<td align=\"center\" valign=\"middle\">130<\/td>\n<td align=\"center\" valign=\"middle\">200<\/td>\n<td align=\"center\" valign=\"middle\">200<\/td>\n<td align=\"center\" valign=\"middle\">12<\/td>\n<td align=\"center\" valign=\"middle\">16,70<\/td>\n<td align=\"center\" valign=\"middle\">3,5<\/td>\n<\/tr>\n<tr>\n<td align=\"left\" valign=\"middle\"><span class=\"tlid-translation translation\" lang=\"it\"><span class=\"\" title=\"\">Sala ristorante<\/span><\/span> \u2013 <span class=\"tlid-translation translation\" lang=\"it\"><span title=\"\">la seconda parte<\/span><\/span><\/td>\n<td align=\"center\" valign=\"middle\">70<\/td>\n<td align=\"center\" valign=\"middle\">70<\/td>\n<td align=\"center\" valign=\"middle\">90<\/td>\n<td align=\"center\" valign=\"middle\">60<\/td>\n<td align=\"center\" valign=\"middle\">85<\/td>\n<td align=\"center\" valign=\"middle\">220<\/td>\n<td align=\"center\" valign=\"middle\">130<\/td>\n<td align=\"center\" valign=\"middle\">200<\/td>\n<td align=\"center\" valign=\"middle\">196<\/td>\n<td align=\"center\" valign=\"middle\">12<\/td>\n<td align=\"center\" valign=\"middle\">16,30<\/td>\n<td align=\"center\" valign=\"middle\">3,5<\/td>\n<\/tr>\n<\/tbody>\n<\/table>\n\t\t\t\t\t\t\t\t<\/div>\n\t\t\t\t<\/div>\n\t\t\t\t<\/div>\n\t\t\t\t\t<\/div>\n\t\t\t\t<\/div>\n\t\t\t\t<\/div>\n\t\t","protected":false},"excerpt":{"rendered":"<p>Se vuoi unire affari e divertimento, il centro congressi dell\u2019hotel \u201cKragujevac\u201d ti d\u00e0 l\u2019opportunit\u00e0 di organizzare un congresso secondo i pi\u00f9 alti standard. L\u2019area congressuale ed espositiva, che si estende su una superficie di 675 mq, \u00e8 un luogo ideale per organizzare ogni tipo di conferenza, seminario e convention. \u00c8 dotato delle pi\u00f9 moderne tecnologie, [&hellip;]<\/p>\n","protected":false},"author":1,"featured_media":0,"parent":0,"menu_order":0,"comment_status":"closed","ping_status":"closed","template":"","meta":{"footnotes":""},"class_list":["post-1968","page","type-page","status-publish","hentry"],"aioseo_notices":[],"_links":{"self":[{"href":"https:\/\/hotelkragujevac.com\/it\/wp-json\/wp\/v2\/pages\/1968","targetHints":{"allow":["GET"]}}],"collection":[{"href":"https:\/\/hotelkragujevac.com\/it\/wp-json\/wp\/v2\/pages"}],"about":[{"href":"https:\/\/hotelkragujevac.com\/it\/wp-json\/wp\/v2\/types\/page"}],"author":[{"embeddable":true,"href":"https:\/\/hotelkragujevac.com\/it\/wp-json\/wp\/v2\/users\/1"}],"replies":[{"embeddable":true,"href":"https:\/\/hotelkragujevac.com\/it\/wp-json\/wp\/v2\/comments?post=1968"}],"version-history":[{"count":4,"href":"https:\/\/hotelkragujevac.com\/it\/wp-json\/wp\/v2\/pages\/1968\/revisions"}],"predecessor-version":[{"id":2208,"href":"https:\/\/hotelkragujevac.com\/it\/wp-json\/wp\/v2\/pages\/1968\/revisions\/2208"}],"wp:attachment":[{"href":"https:\/\/hotelkragujevac.com\/it\/wp-json\/wp\/v2\/media?parent=1968"}],"curies":[{"name":"wp","href":"https:\/\/api.w.org\/{rel}","templated":true}]}}